{"id":11,"date":"2020-04-13T01:03:57","date_gmt":"2020-04-13T01:03:57","guid":{"rendered":"https:\/\/www.daniwebsite.com\/?page_id=11"},"modified":"2020-05-03T04:07:04","modified_gmt":"2020-05-03T04:07:04","slug":"daniwebsite","status":"publish","type":"page","link":"https:\/\/www.daniwebsite.com\/","title":{"rendered":"daniwebsite"},"content":{"rendered":"<p>[et_pb_section fb_built=&#8221;1&#8243; inner_shadow=&#8221;on&#8221; _builder_version=&#8221;4.4.4&#8243; background_color=&#8221;#260051&#8243; use_background_color_gradient=&#8221;on&#8221; background_color_gradient_start=&#8221;rgba(38,0,76,0.78)&#8221; background_color_gradient_end=&#8221;rgba(38,0,76,0.78)&#8221; background_color_gradient_overlays_image=&#8221;on&#8221; background_image=&#8221;https:\/\/www.daniwebsite.com\/wp-content\/uploads\/2020\/04\/Fondo3-scaled.jpg&#8221; custom_margin=&#8221;||-35px|||&#8221; custom_padding=&#8221;18px||28px|||&#8221;][et_pb_row _builder_version=&#8221;4.4.4&#8243; custom_padding=&#8221;9px|||||&#8221;][et_pb_column type=&#8221;4_4&#8243; _builder_version=&#8221;4.4.4&#8243;][et_pb_text _builder_version=&#8221;4.4.4&#8243; text_font=&#8221;|800|||||||&#8221; text_font_size=&#8221;70px&#8221; min_height=&#8221;69px&#8221; custom_margin=&#8221;14px||9px||false|false&#8221; custom_margin_tablet=&#8221;&#8221; custom_margin_phone=&#8221;&#8221; custom_margin_last_edited=&#8221;on|desktop&#8221; custom_padding=&#8221;21px||10px|||&#8221; text_font_last_edited=&#8221;off|desktop&#8221; text_font_size_tablet=&#8221;33px&#8221; text_font_size_phone=&#8221;26px&#8221; text_font_size_last_edited=&#8221;on|phone&#8221;]<\/p>\n<p style=\"text-align: center;\"><span style=\"color: #ffffff;\"><strong>HOLA, SOY DANIEL<\/strong><\/span><\/p>\n<p>[\/et_pb_text][\/et_pb_column][\/et_pb_row][et_pb_row _builder_version=&#8221;4.0.2&#8243; custom_margin=&#8221;-20px|auto||auto||&#8221; custom_padding=&#8221;3px||20px|||&#8221;][et_pb_column type=&#8221;4_4&#8243; _builder_version=&#8221;4.0.2&#8243;][et_pb_text _builder_version=&#8221;4.4.4&#8243; text_font=&#8221;|700||on|||||&#8221; text_text_color=&#8221;#ffffff&#8221; text_font_size=&#8221;16px&#8221; text_orientation=&#8221;center&#8221; module_alignment=&#8221;center&#8221; custom_padding=&#8221;7px||22px||false|false&#8221; text_font_size_tablet=&#8221;&#8221; text_font_size_phone=&#8221;17px&#8221; text_font_size_last_edited=&#8221;on|phone&#8221;]<\/p>\n<p>INGENIERO DE PROFESI\u00d3N,\u00a0VIAJERO Y AVENTURERO DE CORAZ\u00d3N<br \/> <span style=\"font-size: 16px;\">DISC JOCKEY POR PASI\u00d3N<\/span><\/p>\n<p>[\/et_pb_text][\/et_pb_column][\/et_pb_row][\/et_pb_section][et_pb_section fb_built=&#8221;1&#8243; _builder_version=&#8221;4.4.4&#8243; custom_padding=&#8221;23px||0px|||&#8221;][et_pb_row column_structure=&#8221;1_3,1_3,1_3&#8243; custom_padding_last_edited=&#8221;on|phone&#8221; _builder_version=&#8221;4.4.4&#8243; min_height=&#8221;296px&#8221; custom_margin=&#8221;-19px|auto|-6px|auto||&#8221; custom_margin_tablet=&#8221;&#8221; custom_margin_phone=&#8221;-19px|auto|-43px|auto|false|false&#8221; custom_margin_last_edited=&#8221;on|phone&#8221; custom_padding=&#8221;4px||0px|||&#8221; custom_padding_tablet=&#8221;&#8221; custom_padding_phone=&#8221;0px||0px||false|false&#8221;][et_pb_column type=&#8221;1_3&#8243; _builder_version=&#8221;4.4.4&#8243;][\/et_pb_column][et_pb_column type=&#8221;1_3&#8243; _builder_version=&#8221;4.4.4&#8243;][et_pb_testimonial portrait_url=&#8221;https:\/\/www.daniwebsite.com\/wp-content\/uploads\/2020\/04\/Perfil_3-scaled.jpg&#8221; quote_icon=&#8221;off&#8221; portrait_width=&#8221;200px&#8221; portrait_height=&#8221;200px&#8221; _builder_version=&#8221;4.4.4&#8243; body_font=&#8221;Open Sans|700|||||||&#8221; body_text_align=&#8221;left&#8221; body_font_size=&#8221;15px&#8221; author_text_align=&#8221;left&#8221; author_line_height=&#8221;0em&#8221; background_color=&#8221;#ffffff&#8221; custom_padding=&#8221;15px||0px|29px||&#8221; border_radii_portrait=&#8221;on|100px|100px|100px|100px&#8221; border_color_all_portrait=&#8221;rgba(38,0,76,0.78)&#8221;][\/et_pb_testimonial][\/et_pb_column][et_pb_column type=&#8221;1_3&#8243; _builder_version=&#8221;4.4.4&#8243;][\/et_pb_column][\/et_pb_row][et_pb_row _builder_version=&#8221;4.4.4&#8243; custom_margin=&#8221;-27px|auto||auto||&#8221; custom_margin_tablet=&#8221;&#8221; custom_margin_phone=&#8221;19px||-8px||false|false&#8221; custom_margin_last_edited=&#8221;on|phone&#8221; custom_padding=&#8221;1px|||||&#8221;][et_pb_column type=&#8221;4_4&#8243; _builder_version=&#8221;4.4.4&#8243;][et_pb_text _builder_version=&#8221;4.4.4&#8243; text_font=&#8221;Open Sans|800|||||||&#8221; text_text_color=&#8221;#242424&#8243; text_font_size=&#8221;37px&#8221; hover_enabled=&#8221;0&#8243; text_font_size_tablet=&#8221;&#8221; text_font_size_phone=&#8221;27px&#8221; text_font_size_last_edited=&#8221;on|phone&#8221; text_text_shadow_style=&#8221;preset1&#8243;]<\/p>\n<p style=\"text-align: center;\"><span style=\"color: #000000;\"><strong>ALGO SOBRE M\u00cd&#8230;<\/strong><\/span><\/p>\n<p>[\/et_pb_text][\/et_pb_column][\/et_pb_row][\/et_pb_section][et_pb_section fb_built=&#8221;1&#8243; _builder_version=&#8221;4.0.2&#8243; custom_padding=&#8221;2px||4px|||&#8221;][et_pb_row _builder_version=&#8221;4.4.4&#8243; width=&#8221;77%&#8221; custom_margin=&#8221;||||false|false&#8221; custom_padding=&#8221;5px|||||&#8221;][et_pb_column type=&#8221;4_4&#8243; _builder_version=&#8221;4.0.2&#8243;][et_pb_blurb use_icon=&#8221;on&#8221; font_icon=&#8221;%%194%%&#8221; icon_color=&#8221;#54006d&#8221; icon_placement=&#8221;left&#8221; content_max_width=&#8221;800px&#8221; use_icon_font_size=&#8221;on&#8221; icon_font_size=&#8221;40px&#8221; _builder_version=&#8221;4.4.4&#8243; header_level=&#8221;h1&#8243; header_font=&#8221;Open Sans|700||on|||||&#8221; header_text_color=&#8221;#54006d&#8221; header_font_size=&#8221;23px&#8221; body_text_align=&#8221;justify&#8221; body_text_color=&#8221;#242424&#8243; body_font_size=&#8221;19px&#8221; custom_margin=&#8221;0px||||false|false&#8221; custom_padding=&#8221;|0px|||false|false&#8221; hover_enabled=&#8221;0&#8243;]<\/p>\n<p style=\"text-align: left;\"><strong>Soy Colombiano, nac\u00ed en Santa Rosa de Viterbo, un hermoso pueblo ubicado en el departamento de Boyac\u00e1, en donde estudi\u00e9 y viv\u00ed mi <span style=\"color: #e02b20;\">infancia<\/span>.<\/strong><\/p>\n<p>[\/et_pb_blurb][et_pb_blurb use_icon=&#8221;on&#8221; font_icon=&#8221;%%194%%&#8221; icon_color=&#8221;#54006d&#8221; icon_placement=&#8221;left&#8221; content_max_width=&#8221;800px&#8221; use_icon_font_size=&#8221;on&#8221; icon_font_size=&#8221;40px&#8221; _builder_version=&#8221;4.4.4&#8243; header_level=&#8221;h1&#8243; header_font=&#8221;Open Sans|700||on|||||&#8221; header_text_color=&#8221;#54006d&#8221; header_font_size=&#8221;23px&#8221; body_text_align=&#8221;justify&#8221; body_text_color=&#8221;#242424&#8243; body_font_size=&#8221;19px&#8221; custom_margin=&#8221;0px||||false|false&#8221; custom_padding=&#8221;|0px|||false|false&#8221; hover_enabled=&#8221;0&#8243;]<\/p>\n<p style=\"text-align: left;\"><span style=\"text-align: justify;\"><b>Llegu\u00e9 a Bogot\u00e1 y con el apoyo de mi <span style=\"color: #e02b20;\">familia<\/span> logr\u00e9 entrar a la universidad y pude trabajar a medio lo cual me permiti\u00f3 pagar mis estudios.<\/b><\/span><\/p>\n<p>[\/et_pb_blurb][et_pb_blurb use_icon=&#8221;on&#8221; font_icon=&#8221;%%194%%&#8221; icon_color=&#8221;#54006d&#8221; icon_placement=&#8221;left&#8221; content_max_width=&#8221;800px&#8221; use_icon_font_size=&#8221;on&#8221; icon_font_size=&#8221;40px&#8221; _builder_version=&#8221;4.4.4&#8243; header_level=&#8221;h1&#8243; header_font=&#8221;Open Sans|700||on|||||&#8221; header_text_color=&#8221;#54006d&#8221; header_font_size=&#8221;23px&#8221; body_text_align=&#8221;justify&#8221; body_text_color=&#8221;#242424&#8243; body_font_size=&#8221;19px&#8221; custom_margin=&#8221;0px||||false|false&#8221; custom_padding=&#8221;|0px|||false|false&#8221; hover_enabled=&#8221;0&#8243;]<\/p>\n<p style=\"text-align: left;\"><span style=\"text-align: justify;\"><b>Graduado como Tecn\u00f3logo en Electr\u00f3nica e Ingeniero de Telecomunicaciones, carreras a las que <span style=\"color: #e02b20;\"><span style=\"color: #e02b20;\">agradezco<\/span> <\/span>porque me permiten estar en d\u00f3nde estoy ahora.<\/b><\/span><\/p>\n<p>[\/et_pb_blurb][et_pb_blurb use_icon=&#8221;on&#8221; font_icon=&#8221;%%194%%&#8221; icon_color=&#8221;#54006d&#8221; icon_placement=&#8221;left&#8221; content_max_width=&#8221;800px&#8221; use_icon_font_size=&#8221;on&#8221; icon_font_size=&#8221;40px&#8221; _builder_version=&#8221;4.4.4&#8243; header_level=&#8221;h1&#8243; header_font=&#8221;Open Sans|700||on|||||&#8221; header_text_color=&#8221;#54006d&#8221; header_font_size=&#8221;23px&#8221; body_text_align=&#8221;justify&#8221; body_text_color=&#8221;#242424&#8243; body_font_size=&#8221;19px&#8221; custom_margin=&#8221;0px||||false|false&#8221; custom_padding=&#8221;|0px|||false|false&#8221; hover_enabled=&#8221;0&#8243;]<\/p>\n<p style=\"text-align: left;\"><span style=\"text-align: justify;\"><b>Desde peque\u00f1o con un gran gusto por la m\u00fasica, por el Rock N&#8217; Roll, pero fui creciendo y se despert\u00f3 en m\u00ed una <span style=\"color: #e02b20;\">pasi\u00f3n<\/span> por la m\u00fasica Techno.<\/b><\/span><\/p>\n<p>[\/et_pb_blurb][et_pb_blurb use_icon=&#8221;on&#8221; font_icon=&#8221;%%194%%&#8221; icon_color=&#8221;#54006d&#8221; icon_placement=&#8221;left&#8221; content_max_width=&#8221;800px&#8221; use_icon_font_size=&#8221;on&#8221; icon_font_size=&#8221;40px&#8221; _builder_version=&#8221;4.4.4&#8243; header_level=&#8221;h1&#8243; header_font=&#8221;Open Sans|700||on|||||&#8221; header_text_color=&#8221;#54006d&#8221; header_font_size=&#8221;23px&#8221; body_text_align=&#8221;justify&#8221; body_text_color=&#8221;#242424&#8243; body_font_size=&#8221;19px&#8221; custom_margin=&#8221;0px||||false|false&#8221; custom_padding=&#8221;|0px|||false|false&#8221; hover_enabled=&#8221;0&#8243;]<\/p>\n<p style=\"text-align: left;\"><span style=\"text-align: justify;\"><b>La vida me ha permitido coleccionar <span style=\"color: #e02b20;\">experiencias<\/span> por algunos rincones de mi hermoso pa\u00eds y de \u00e9ste maravilloso planeta, viviendo as\u00ed mi <span style=\"color: #e02b20;\">pasi\u00f3n<\/span> por viajar.<\/b><\/span><\/p>\n<p>[\/et_pb_blurb][et_pb_blurb use_icon=&#8221;on&#8221; font_icon=&#8221;%%194%%&#8221; icon_color=&#8221;#54006d&#8221; icon_placement=&#8221;left&#8221; content_max_width=&#8221;800px&#8221; use_icon_font_size=&#8221;on&#8221; icon_font_size=&#8221;40px&#8221; _builder_version=&#8221;4.4.4&#8243; header_level=&#8221;h1&#8243; header_font=&#8221;Open Sans|700||on|||||&#8221; header_text_color=&#8221;#54006d&#8221; header_font_size=&#8221;23px&#8221; body_text_align=&#8221;justify&#8221; body_text_color=&#8221;#242424&#8243; body_font_size=&#8221;19px&#8221; custom_margin=&#8221;0px||||false|false&#8221; custom_padding=&#8221;|0px|||false|false&#8221; hover_enabled=&#8221;0&#8243;]<\/p>\n<p style=\"text-align: left;\"><span style=\"text-align: justify;\"><b>Comprometido con mi crecimiento <span style=\"color: #e02b20;\">espiritual<\/span> y convencido de la importancia de tener un <span style=\"color: #e02b20;\">prop\u00f3sito<\/span> y dedicar mi vida a lo que me apasiona.<\/b><\/span><\/p>\n<p>[\/et_pb_blurb][\/et_pb_column][\/et_pb_row][\/et_pb_section][et_pb_section fb_built=&#8221;1&#8243; _builder_version=&#8221;4.4.4&#8243; background_color=&#8221;#8300e9&#8243; use_background_color_gradient=&#8221;on&#8221; background_color_gradient_start=&#8221;rgba(38,0,76,0.78)&#8221; background_color_gradient_end=&#8221;rgba(38,0,76,0.78)&#8221; background_color_gradient_overlays_image=&#8221;on&#8221; background_image=&#8221;https:\/\/www.daniwebsite.com\/wp-content\/uploads\/2020\/04\/Fondo2-scaled.jpg&#8221; custom_padding=&#8221;38px|||||&#8221;][et_pb_row _builder_version=&#8221;4.4.4&#8243; custom_padding=&#8221;9px|||||&#8221;][et_pb_column type=&#8221;4_4&#8243; _builder_version=&#8221;4.4.4&#8243;][et_pb_text _builder_version=&#8221;4.4.4&#8243;]<\/p>\n<h3 style=\"text-align: center;\"><span style=\"text-align: justify; color: #ffffff;\"><b>Cada actividad, cada faceta, cada profesi\u00f3n, hobby o pasi\u00f3n, para m\u00ed representa un proyecto dentro de esta monta\u00f1a rusa llamada \u201cVida\u201d. \u00bfQuieres conocerme un poco m\u00e1s?, pues aqu\u00ed te comparto otra parte de mi&#8230;<\/b><\/span><\/h3>\n<p>[\/et_pb_text][\/et_pb_column][\/et_pb_row][et_pb_row column_structure=&#8221;1_3,1_3,1_3&#8243; _builder_version=&#8221;4.0.2&#8243; custom_padding=&#8221;20px|||||&#8221;][et_pb_column type=&#8221;1_3&#8243; _builder_version=&#8221;4.0.2&#8243;][et_pb_testimonial author=&#8221;Ver Perfil Profesional &#8221; url=&#8221;https:\/\/www.daniwebsite.com\/wp-content\/uploads\/2020\/05\/DanielMu\u00f1ozCV_EngEsp.pdf&#8221; url_new_window=&#8221;on&#8221; portrait_url=&#8221;https:\/\/www.daniwebsite.com\/wp-content\/uploads\/2020\/04\/Ingeniero_3-1-scaled.jpg&#8221; portrait_width=&#8221;200px&#8221; portrait_height=&#8221;200px&#8221; _builder_version=&#8221;4.4.4&#8243; body_font=&#8221;Open Sans|700|||||||&#8221; body_text_align=&#8221;left&#8221; body_font_size=&#8221;15px&#8221; body_line_height=&#8221;1.4em&#8221; author_text_align=&#8221;left&#8221; author_text_color=&#8221;#e02b20&#8243; author_line_height=&#8221;0em&#8221; border_radii_portrait=&#8221;on|100px|100px|100px|100px&#8221; border_color_all_portrait=&#8221;rgba(38,0,76,0.78)&#8221;]<\/p>\n<p style=\"text-align: center; font-size: 20px;\"><strong><span style=\"color: #e02b20;\">EL INGENIERO<\/span><\/strong><\/p>\n<p><span style=\"color: #000000;\"><strong>Tecn\u00f3logo en Electr\u00f3nica e Ingeniero de Telecomunicaciones. Certificaciones CISCO, con conocimiento en programaci\u00f3n y dise\u00f1o Web. Con cinco a\u00f1os de experiencia como Tecn\u00f3logo en campa\u00f1as de soporte t\u00e9cnico y mesas de ayuda y cinco a\u00f1os de experiencia como Ingeniero en el \u00e1rea de las Telecomunicaciones. <\/strong><\/span><\/p>\n<p>[\/et_pb_testimonial][\/et_pb_column][et_pb_column type=&#8221;1_3&#8243; _builder_version=&#8221;4.4.4&#8243;][et_pb_testimonial author=&#8221;@danidailytravel&#8221; url=&#8221;https:\/\/www.danidailytravel.com&#8221; url_new_window=&#8221;on&#8221; portrait_url=&#8221;https:\/\/www.daniwebsite.com\/wp-content\/uploads\/2020\/04\/Viajero_1-scaled.jpg&#8221; portrait_width=&#8221;200px&#8221; portrait_height=&#8221;200px&#8221; _builder_version=&#8221;4.4.4&#8243; body_font=&#8221;Open Sans|700|||||||&#8221; body_text_align=&#8221;left&#8221; body_font_size=&#8221;15px&#8221; body_line_height=&#8221;1.4em&#8221; author_text_align=&#8221;left&#8221; author_text_color=&#8221;#e02b20&#8243; author_line_height=&#8221;0em&#8221; link_option_url=&#8221;https:\/\/www.danidailytravel.com&#8221; link_option_url_new_window=&#8221;on&#8221; border_radii_portrait=&#8221;on|100px|100px|100px|100px&#8221; border_color_all_portrait=&#8221;rgba(38,0,76,0.78)&#8221;]<\/p>\n<p style=\"text-align: center; font-size: 20px;\"><strong><span style=\"color: #e02b20;\">EL VIAJERO<\/span><\/strong><\/p>\n<p><span style=\"color: #000000;\"><strong>Decid\u00ed hacerle caso al coraz\u00f3n y as\u00ed empez\u00f3 esta pasi\u00f3n por viajar. Empec\u00e9 conociendo lugares de Colombia, luego por algunos pa\u00edses de Sudam\u00e9rica y continu\u00e9 mi viaje por Europa. Viajar es aprendizaje, es crecimiento, es vivir. Ya sea en grupo, en pareja o solo, siempre con la mejor actitud, dispuesto a explorar y descubrir.<\/strong><\/span><\/p>\n<p>[\/et_pb_testimonial][\/et_pb_column][et_pb_column type=&#8221;1_3&#8243; _builder_version=&#8221;4.4.4&#8243;][et_pb_testimonial author=&#8221;@dlmentdj&#8221; url=&#8221;https:\/\/www.instagram.com\/dlmentdj\/&#8221; url_new_window=&#8221;on&#8221; portrait_url=&#8221;https:\/\/www.daniwebsite.com\/wp-content\/uploads\/2020\/04\/DJ-222&#215;300.jpg&#8221; portrait_width=&#8221;200px&#8221; portrait_height=&#8221;200px&#8221; _builder_version=&#8221;4.4.4&#8243; body_font=&#8221;Open Sans|700|||||||&#8221; body_text_align=&#8221;left&#8221; body_font_size=&#8221;15px&#8221; body_line_height=&#8221;1.4em&#8221; author_text_align=&#8221;left&#8221; author_text_color=&#8221;#e02b20&#8243; author_line_height=&#8221;0em&#8221; link_option_url=&#8221;https:\/\/www.instagram.com\/dlmentdj\/&#8221; link_option_url_new_window=&#8221;on&#8221; border_radii_portrait=&#8221;on|100px|100px|100px|100px&#8221; border_color_all_portrait=&#8221;rgba(38,0,76,0.78)&#8221;]<\/p>\n<p style=\"text-align: center; font-size: 20px;\"><strong><span style=\"color: #e02b20;\">EL DISC JOCKEY<\/span><\/strong><\/p>\n<p><span style=\"color: #000000;\"><strong>La herencia musical viene de familia, crec\u00ed con m\u00fasica muy tradicional, folclor y mucha balada -Gracias Ma-, pero sobre todo Rock N\u2019 Roll. Luego lleg\u00f3 a m\u00ed la m\u00fasica electr\u00f3nica y as\u00ed conoc\u00ed el Techno, el cual se convirti\u00f3 en una pasi\u00f3n, por eso decid\u00ed un buen d\u00eda prepararme en Colombia y en Espa\u00f1a para convertirme en DJ.<\/strong><\/span><\/p>\n<p>[\/et_pb_testimonial][\/et_pb_column][\/et_pb_row][\/et_pb_section]<\/p>\n","protected":false},"excerpt":{"rendered":"<p>[et_pb_section fb_built=&#8221;1&#8243; inner_shadow=&#8221;on&#8221; _builder_version=&#8221;4.4.4&#8243; background_color=&#8221;#260051&#8243; use_background_color_gradient=&#8221;on&#8221; background_color_gradient_start=&#8221;rgba(38,0,76,0.78)&#8221; background_color_gradient_end=&#8221;rgba(38,0,76,0.78)&#8221; background_color_gradient_overlays_image=&#8221;on&#8221; background_image=&#8221;https:\/\/www.daniwebsite.com\/wp-content\/uploads\/2020\/04\/Fondo3-scaled.jpg&#8221; custom_margin=&#8221;||-35px|||&#8221; custom_padding=&#8221;18px||28px|||&#8221;][et_pb_row _builder_version=&#8221;4.4.4&#8243; custom_padding=&#8221;9px|||||&#8221;][et_pb_column type=&#8221;4_4&#8243; _builder_version=&#8221;4.4.4&#8243;][et_pb_text _builder_version=&#8221;4.4.4&#8243; text_font=&#8221;|800|||||||&#8221; text_font_size=&#8221;70px&#8221; min_height=&#8221;69px&#8221; custom_margin=&#8221;14px||9px||false|false&#8221; custom_margin_tablet=&#8221;&#8221; custom_margin_phone=&#8221;&#8221; custom_margin_last_edited=&#8221;on|desktop&#8221; custom_padding=&#8221;21px||10px|||&#8221; text_font_last_edited=&#8221;off|desktop&#8221; text_font_size_tablet=&#8221;33px&#8221; text_font_size_phone=&#8221;26px&#8221; text_font_size_last_edited=&#8221;on|phone&#8221;] HOLA, SOY DANIEL [\/et_pb_text][\/et_pb_column][\/et_pb_row][et_pb_row _builder_version=&#8221;4.0.2&#8243; custom_margin=&#8221;-20px|auto||auto||&#8221; custom_padding=&#8221;3px||20px|||&#8221;][et_pb_column type=&#8221;4_4&#8243; _builder_version=&#8221;4.0.2&#8243;][et_pb_text _builder_version=&#8221;4.4.4&#8243; text_font=&#8221;|700||on|||||&#8221; text_text_color=&#8221;#ffffff&#8221; text_font_size=&#8221;16px&#8221; text_orientation=&#8221;center&#8221; module_alignment=&#8221;center&#8221; custom_padding=&#8221;7px||22px||false|false&#8221; text_font_size_tablet=&#8221;&#8221; text_font_size_phone=&#8221;17px&#8221; text_font_size_last_edited=&#8221;on|phone&#8221;] INGENIERO DE PROFESI\u00d3N,\u00a0VIAJERO Y AVENTURERO DE CORAZ\u00d3N [&hellip;]<\/p>\n","protected":false},"author":1,"featured_media":0,"parent":0,"menu_order":0,"comment_status":"closed","ping_status":"closed","template":"page-template-blank.php","meta":{"_et_pb_use_builder":"on","_et_pb_old_content":"","_et_gb_content_width":"","spay_email":"","footnotes":""},"class_list":["post-11","page","type-page","status-publish","hentry"],"jetpack-related-posts":[],"_links":{"self":[{"href":"https:\/\/www.daniwebsite.com\/index.php\/wp-json\/wp\/v2\/pages\/11"}],"collection":[{"href":"https:\/\/www.daniwebsite.com\/index.php\/wp-json\/wp\/v2\/pages"}],"about":[{"href":"https:\/\/www.daniwebsite.com\/index.php\/wp-json\/wp\/v2\/types\/page"}],"author":[{"embeddable":true,"href":"https:\/\/www.daniwebsite.com\/index.php\/wp-json\/wp\/v2\/users\/1"}],"replies":[{"embeddable":true,"href":"https:\/\/www.daniwebsite.com\/index.php\/wp-json\/wp\/v2\/comments?post=11"}],"version-history":[{"count":78,"href":"https:\/\/www.daniwebsite.com\/index.php\/wp-json\/wp\/v2\/pages\/11\/revisions"}],"predecessor-version":[{"id":226,"href":"https:\/\/www.daniwebsite.com\/index.php\/wp-json\/wp\/v2\/pages\/11\/revisions\/226"}],"wp:attachment":[{"href":"https:\/\/www.daniwebsite.com\/index.php\/wp-json\/wp\/v2\/media?parent=11"}],"curies":[{"name":"wp","href":"https:\/\/api.w.org\/{rel}","templated":true}]}}